{"id":7933,"date":"2023-02-06T16:26:35","date_gmt":"2023-02-06T15:26:35","guid":{"rendered":"https:\/\/www.enscm.fr\/?page_id=7933"},"modified":"2023-02-06T17:00:31","modified_gmt":"2023-02-06T16:00:31","slug":"ateliers-decouverte-de-la-chimie","status":"publish","type":"page","link":"https:\/\/www.enscm.fr\/fr\/ateliers-decouverte-de-la-chimie\/","title":{"rendered":"Ateliers D\u00e9couverte de la chimie"},"content":{"rendered":"","protected":false},"excerpt":{"rendered":"<p>Des ateliers de d\u00e9couverte de la chimie vont \u00eatre organis\u00e9s par Lubomir Vezenkov.<\/p>\n","protected":false},"author":10,"featured_media":7938,"parent":0,"menu_order":0,"comment_status":"closed","ping_status":"closed","template":"","meta":{"_acf_changed":false,"footnotes":""},"class_list":["post-7933","page","type-page","status-publish","has-post-thumbnail","hentry"],"acf":[],"_links":{"self":[{"href":"https:\/\/www.enscm.fr\/fr\/wp-json\/wp\/v2\/pages\/7933","targetHints":{"allow":["GET"]}}],"collection":[{"href":"https:\/\/www.enscm.fr\/fr\/wp-json\/wp\/v2\/pages"}],"about":[{"href":"https:\/\/www.enscm.fr\/fr\/wp-json\/wp\/v2\/types\/page"}],"author":[{"embeddable":true,"href":"https:\/\/www.enscm.fr\/fr\/wp-json\/wp\/v2\/users\/10"}],"replies":[{"embeddable":true,"href":"https:\/\/www.enscm.fr\/fr\/wp-json\/wp\/v2\/comments?post=7933"}],"version-history":[{"count":5,"href":"https:\/\/www.enscm.fr\/fr\/wp-json\/wp\/v2\/pages\/7933\/revisions"}],"predecessor-version":[{"id":7940,"href":"https:\/\/www.enscm.fr\/fr\/wp-json\/wp\/v2\/pages\/7933\/revisions\/7940"}],"wp:featuredmedia":[{"embeddable":true,"href":"https:\/\/www.enscm.fr\/fr\/wp-json\/wp\/v2\/media\/7938"}],"wp:attachment":[{"href":"https:\/\/www.enscm.fr\/fr\/wp-json\/wp\/v2\/media?parent=7933"}],"curies":[{"name":"wp","href":"https:\/\/api.w.org\/{rel}","templated":true}]}}