{"id":7660,"date":"2022-11-08T10:15:14","date_gmt":"2022-11-08T09:15:14","guid":{"rendered":"https:\/\/www.enscm.fr\/?page_id=7660"},"modified":"2025-11-28T10:09:41","modified_gmt":"2025-11-28T09:09:41","slug":"repas-de-noel-des-personnels-de-lenscm","status":"publish","type":"page","link":"https:\/\/www.enscm.fr\/fr\/repas-de-noel-des-personnels-de-lenscm\/","title":{"rendered":"Repas de No\u00ebl des personnels de l&rsquo;ENSCM"},"content":{"rendered":"","protected":false},"excerpt":{"rendered":"<p>Le mercredi 17 d\u00e9cembre, afin de terminer l&rsquo;ann\u00e9e sur un moment de convivialit\u00e9, tous les personnels de l&rsquo;ENSCM sont convi\u00e9s \u00e0 partager un buffet pour le d\u00e9jeuner (nos coll\u00e8gues non-personnels de l&rsquo;ENSCM log\u00e9s dans le b\u00e2timent Balard-Formation, sont invit\u00e9s \u00e0 se joindre \u00e0 nous). Cela permettra \u00e0 toutes et tous de profiter des coll\u00e8gues avant la fermeture des vacances de No\u00ebl.<\/p>\n","protected":false},"author":10,"featured_media":11532,"parent":0,"menu_order":0,"comment_status":"closed","ping_status":"closed","template":"","meta":{"_acf_changed":false,"footnotes":""},"class_list":["post-7660","page","type-page","status-publish","has-post-thumbnail","hentry"],"acf":[],"_links":{"self":[{"href":"https:\/\/www.enscm.fr\/fr\/wp-json\/wp\/v2\/pages\/7660","targetHints":{"allow":["GET"]}}],"collection":[{"href":"https:\/\/www.enscm.fr\/fr\/wp-json\/wp\/v2\/pages"}],"about":[{"href":"https:\/\/www.enscm.fr\/fr\/wp-json\/wp\/v2\/types\/page"}],"author":[{"embeddable":true,"href":"https:\/\/www.enscm.fr\/fr\/wp-json\/wp\/v2\/users\/10"}],"replies":[{"embeddable":true,"href":"https:\/\/www.enscm.fr\/fr\/wp-json\/wp\/v2\/comments?post=7660"}],"version-history":[{"count":2,"href":"https:\/\/www.enscm.fr\/fr\/wp-json\/wp\/v2\/pages\/7660\/revisions"}],"predecessor-version":[{"id":11531,"href":"https:\/\/www.enscm.fr\/fr\/wp-json\/wp\/v2\/pages\/7660\/revisions\/11531"}],"wp:featuredmedia":[{"embeddable":true,"href":"https:\/\/www.enscm.fr\/fr\/wp-json\/wp\/v2\/media\/11532"}],"wp:attachment":[{"href":"https:\/\/www.enscm.fr\/fr\/wp-json\/wp\/v2\/media?parent=7660"}],"curies":[{"name":"wp","href":"https:\/\/api.w.org\/{rel}","templated":true}]}}