{"id":7193,"date":"2022-05-17T15:47:28","date_gmt":"2022-05-17T13:47:28","guid":{"rendered":"https:\/\/www.enscm.fr\/?page_id=7193"},"modified":"2026-04-15T17:15:39","modified_gmt":"2026-04-15T15:15:39","slug":"declaration-de-versement-de-la-taxe-dapprentissage","status":"publish","type":"page","link":"https:\/\/www.enscm.fr\/fr\/relations-industrielles\/taxe-dapprentissage\/declaration-de-versement-de-la-taxe-dapprentissage\/","title":{"rendered":"D\u00e9claration de versement de la taxe d&rsquo;apprentissage"},"content":{"rendered":"","protected":false},"excerpt":{"rendered":"<p>Le versement du solde de la Taxe d\u2019apprentissage se fait en d\u00e9signant vos \u00e9tablissements b\u00e9n\u00e9ficiaires via la plateforme SOLTEA.<br \/>\nChoisissez-nous comme \u00e9tablissement b\u00e9n\u00e9ficiaire &gt;&gt;&gt; ENSCM \/ code UAI&nbsp;: 0340112<\/p>\n","protected":false},"author":10,"featured_media":3376,"parent":5134,"menu_order":0,"comment_status":"closed","ping_status":"closed","template":"","meta":{"_acf_changed":false,"footnotes":""},"class_list":["post-7193","page","type-page","status-publish","has-post-thumbnail","hentry"],"acf":[],"_links":{"self":[{"href":"https:\/\/www.enscm.fr\/fr\/wp-json\/wp\/v2\/pages\/7193","targetHints":{"allow":["GET"]}}],"collection":[{"href":"https:\/\/www.enscm.fr\/fr\/wp-json\/wp\/v2\/pages"}],"about":[{"href":"https:\/\/www.enscm.fr\/fr\/wp-json\/wp\/v2\/types\/page"}],"author":[{"embeddable":true,"href":"https:\/\/www.enscm.fr\/fr\/wp-json\/wp\/v2\/users\/10"}],"replies":[{"embeddable":true,"href":"https:\/\/www.enscm.fr\/fr\/wp-json\/wp\/v2\/comments?post=7193"}],"version-history":[{"count":12,"href":"https:\/\/www.enscm.fr\/fr\/wp-json\/wp\/v2\/pages\/7193\/revisions"}],"predecessor-version":[{"id":11911,"href":"https:\/\/www.enscm.fr\/fr\/wp-json\/wp\/v2\/pages\/7193\/revisions\/11911"}],"up":[{"embeddable":true,"href":"https:\/\/www.enscm.fr\/fr\/wp-json\/wp\/v2\/pages\/5134"}],"wp:featuredmedia":[{"embeddable":true,"href":"https:\/\/www.enscm.fr\/fr\/wp-json\/wp\/v2\/media\/3376"}],"wp:attachment":[{"href":"https:\/\/www.enscm.fr\/fr\/wp-json\/wp\/v2\/media?parent=7193"}],"curies":[{"name":"wp","href":"https:\/\/api.w.org\/{rel}","templated":true}]}}