{"id":335,"date":"2017-09-26T17:28:09","date_gmt":"2017-09-26T15:28:09","guid":{"rendered":"https:\/\/www.enscm.fr\/?page_id=335\/"},"modified":"2026-03-20T15:51:06","modified_gmt":"2026-03-20T14:51:06","slug":"nous-contacter","status":"publish","type":"page","link":"https:\/\/www.enscm.fr\/fr\/nous-contacter\/","title":{"rendered":"Nous contacter"},"content":{"rendered":"<div class=\"frm_forms  with_frm_style frm_style_formidable-style\" id=\"frm_form_8_container\" >\n<form enctype=\"multipart\/form-data\" method=\"post\" class=\"frm-show-form  frm_pro_form \" id=\"form_heggm\" >\n<div class=\"frm_form_fields \">\n<fieldset>\n<legend class=\"frm_hidden\">Contact<\/legend>\r\n\r\n<div class=\"frm_fields_container\">\n<input type=\"hidden\" name=\"frm_action\" value=\"create\" \/>\n<input type=\"hidden\" name=\"form_id\" value=\"8\" \/>\n<input type=\"hidden\" name=\"frm_hide_fields_8\" id=\"frm_hide_fields_8\" value=\"\" \/>\n<input type=\"hidden\" name=\"form_key\" value=\"heggm\" \/>\n<input type=\"hidden\" name=\"item_meta[0]\" value=\"\" \/>\n<input type=\"hidden\" id=\"frm_submit_entry_8\" name=\"frm_submit_entry_8\" value=\"2e55bc47db\" \/><input type=\"hidden\" name=\"_wp_http_referer\" value=\"\/fr\/wp-json\/wp\/v2\/pages\/335\" \/><div id=\"frm_field_76_container\" class=\"frm_form_field form-field  frm_required_field frm_top_container frm_four_col vertical_radio\">\r\n    <label class=\"frm_primary_label\">Civilit\u00e9\r\n        <span class=\"frm_required\">*<\/span>\r\n    <\/label>\r\n    <div class=\"frm_opt_container\">\t\t<div class=\"frm_radio\" id=\"frm_radio_76-0\">\t\t\t<label  for=\"field_m6vbl-0\">\n\t\t\t\t\t<input type=\"radio\" name=\"item_meta[76]\" id=\"field_m6vbl-0\" value=\"Madame\"\n\t\tchecked=\"checked\"   data-frmval=\"Madame\" data-reqmsg=\"Le champs est vide.\" data-invmsg=\"Civilit\u00e9 est non valide\" aria-invalid=\"false\"  \/> Madame<\/label><\/div>\n\t\t<div class=\"frm_radio\" id=\"frm_radio_76-1\">\t\t\t<label  for=\"field_m6vbl-1\">\n\t\t\t\t\t<input type=\"radio\" name=\"item_meta[76]\" id=\"field_m6vbl-1\" value=\"Monsieur\"\n\t\t   data-frmval=\"Madame\" data-reqmsg=\"Le champs est vide.\" data-invmsg=\"Civilit\u00e9 est non valide\" aria-invalid=\"false\"  \/> Monsieur<\/label><\/div>\n<\/div>\r\n    \r\n    \r\n<\/div>\n<div id=\"frm_field_77_container\" class=\"frm_form_field form-field  frm_required_field frm_top_container frm_first frm_half\">\r\n    <label for=\"field_xsj8i\" class=\"frm_primary_label\">Votre pr\u00e9nom\r\n        <span class=\"frm_required\">*<\/span>\r\n    <\/label>\r\n    <input type=\"text\" id=\"field_xsj8i\" name=\"item_meta[77]\" value=\"\"  data-reqmsg=\"Le champs est vide.\" aria-required=\"true\" data-invmsg=\"Votre pr\u00e9nom est non valide\" aria-invalid=\"false\"  \/>\r\n    \r\n    \r\n<\/div>\n<div id=\"frm_field_78_container\" class=\"frm_form_field form-field  frm_required_field frm_top_container frm_half\">\r\n    <label for=\"field_a5g01\" class=\"frm_primary_label\">Votre nom\r\n        <span class=\"frm_required\">*<\/span>\r\n    <\/label>\r\n    <input type=\"text\" id=\"field_a5g01\" name=\"item_meta[78]\" value=\"\"  data-reqmsg=\"Le champs est vide.\" aria-required=\"true\" data-invmsg=\"Votre nom est non valide\" aria-invalid=\"false\"  \/>\r\n    \r\n    \r\n<\/div>\n<div id=\"frm_field_79_container\" class=\"frm_form_field form-field  frm_required_field frm_top_container frm_first frm_half\">\r\n    <label for=\"field_phtnz\" class=\"frm_primary_label\">Votre adresse email\r\n        <span class=\"frm_required\">*<\/span>\r\n    <\/label>\r\n    <input type=\"email\" id=\"field_phtnz\" name=\"item_meta[79]\" value=\"\"  data-reqmsg=\"Le champs est vide.\" aria-required=\"true\" data-invmsg=\"Votre adresse email est invalide.\" aria-invalid=\"false\"  \/>\r\n    \r\n    \r\n<\/div>\n<div id=\"frm_field_80_container\" class=\"frm_form_field form-field  frm_top_container frm_half\">\r\n    <label for=\"field_s6sg3\" class=\"frm_primary_label\">Votre num\u00e9ro de t\u00e9l\u00e9phone\r\n        <span class=\"frm_required\"><\/span>\r\n    <\/label>\r\n    <input type=\"tel\" id=\"field_s6sg3\" name=\"item_meta[80]\" value=\"\"  data-invmsg=\"Votre num\u00e9ro de t\u00e9l\u00e9phone est invalide.\" aria-invalid=\"false\" pattern=\"((\\+\\d{1,3}(-|.| )?\\(?\\d\\)?(-| |.)?\\d{1,5})|(\\(?\\d{2,6}\\)?))(-|.| )?(\\d{3,4})(-|.| )?(\\d{4})(( x| ext)\\d{1,5}){0,1}$\"  \/>\r\n    \r\n    \r\n<\/div>\n<div id=\"frm_field_82_container\" class=\"frm_form_field form-field  frm_top_container frm_first frm_full\">\r\n    <label for=\"field_j1ij6\" class=\"frm_primary_label\">Votre message\r\n        <span class=\"frm_required\"><\/span>\r\n    <\/label>\r\n    <textarea name=\"item_meta[82]\" id=\"field_j1ij6\" rows=\"5\"  data-invmsg=\"Votre message est non valide\" aria-invalid=\"false\"  ><\/textarea>\r\n    \r\n    \r\n<\/div>\n<div id=\"frm_field_83_container\" class=\"frm_form_field form-field  frm_top_container frm_first frm_full vertical_radio\">\r\n    <label class=\"frm_primary_label\">\r\n        <span class=\"frm_required\"><\/span>\r\n    <\/label>\r\n    <div class=\"frm_opt_container\">\t\t<div class=\"frm_checkbox\" id=\"frm_checkbox_83-0\">\t\t\t<label  for=\"field_bl67c-0\">\n\t\t\t<input type=\"checkbox\" name=\"item_meta[83][]\" id=\"field_bl67c-0\" value=\"Je souhaite recevoir les informations de l&#039;\u00e9cole\"  data-invmsg=\"Ce champ est non valide\" aria-invalid=\"false\"   \/> Je souhaite recevoir les informations de l'\u00e9cole<\/label><\/div>\n<\/div>\r\n    \r\n    \r\n<\/div>\n<div id=\"frm_field_86_container\" class=\"frm_form_field  frm_first frm_full frm_html_container form-field\">\n<p>Les informations recueillies sur ce formulaire sont enregistr\u00e9es dans un fichier informatis\u00e9 par l'ENSCM pour envoi d'une newsletter. Elles sont conserv\u00e9es pendant 10 ans et sont destin\u00e9es au service communication de l'ENSCM. Conform\u00e9ment \u00e0 la loi \"informatique et libert\u00e9s\", vous pouvez exercer votre droit d'acc\u00e8 aux donn\u00e9s et les faire rectifier en contactant : ENSCM, <a href=\"mailto:communication@enscm.fr\">communication@enscm.fr<\/a><\/p>\n<\/div>\n<div id=\"frm_field_84_container\" class=\"frm_form_field form-field  frm_none_container frm_first frm_full\">\r\n    <label for=\"g-recaptcha-response\" class=\"frm_primary_label\">\r\n        <span class=\"frm_required\"><\/span>\r\n    <\/label>\r\n    <div  id=\"field_judzj\" class=\"g-recaptcha\" data-sitekey=\"6LcslTcUAAAAAKcEg9sRb_yniEMZpohUXwh6LS5p\" data-size=\"normal\" data-theme=\"light\"><\/div>\r\n    \r\n    \r\n<\/div>\n<div id=\"frm_field_668_container\" class=\"frm_form_field form-field \">\r\n\t<div class=\"frm_submit\">\r\n\r\n<button class=\"frm_button_submit frm_final_submit btn\" type=\"submit\"  formnovalidate=\"formnovalidate\">Envoyer<\/button>\r\n\r\n<\/div>\r\n<\/div>\n\t<input type=\"hidden\" name=\"item_key\" value=\"\" \/>\n\t\t\t\t<div class=\"frm__65a8fa22c14ca\">\n\t\t\t\t<label for=\"frm_email_8\" >\n\t\t\t\t\tSi vous \u00eates un humain, ne remplissez pas ce champ.\t\t\t\t<\/label>\n\t\t\t\t<input  id=\"frm_email_8\" type=\"text\" class=\"frm_verify\" name=\"frm__65a8fa22c14ca\" value=\"\" autocomplete=\"off\"  \/>\n\t\t\t<\/div>\n\t\t<input name=\"frm_state\" type=\"hidden\" value=\"Zbd0OOAF3FkB5co7vhfkdj+otFX39VZ8CN1vU0+d7W4=\" \/><\/div>\n<\/fieldset>\n<\/div>\n<\/form>\n<\/div>\n\n","protected":false},"excerpt":{"rendered":"","protected":false},"author":4,"featured_media":0,"parent":0,"menu_order":0,"comment_status":"closed","ping_status":"closed","template":"page.contact.php","meta":{"_acf_changed":false,"footnotes":""},"class_list":["post-335","page","type-page","status-publish","hentry"],"acf":[],"_links":{"self":[{"href":"https:\/\/www.enscm.fr\/fr\/wp-json\/wp\/v2\/pages\/335"}],"collection":[{"href":"https:\/\/www.enscm.fr\/fr\/wp-json\/wp\/v2\/pages"}],"about":[{"href":"https:\/\/www.enscm.fr\/fr\/wp-json\/wp\/v2\/types\/page"}],"author":[{"embeddable":true,"href":"https:\/\/www.enscm.fr\/fr\/wp-json\/wp\/v2\/users\/4"}],"replies":[{"embeddable":true,"href":"https:\/\/www.enscm.fr\/fr\/wp-json\/wp\/v2\/comments?post=335"}],"version-history":[{"count":17,"href":"https:\/\/www.enscm.fr\/fr\/wp-json\/wp\/v2\/pages\/335\/revisions"}],"predecessor-version":[{"id":11827,"href":"https:\/\/www.enscm.fr\/fr\/wp-json\/wp\/v2\/pages\/335\/revisions\/11827"}],"wp:attachment":[{"href":"https:\/\/www.enscm.fr\/fr\/wp-json\/wp\/v2\/media?parent=335"}],"curies":[{"name":"wp","href":"https:\/\/api.w.org\/{rel}","templated":true}]}}