{"id":331,"date":"2017-09-26T17:22:47","date_gmt":"2017-09-26T15:22:47","guid":{"rendered":"https:\/\/www.enscm.fr\/?page_id=331\/"},"modified":"2023-06-08T11:31:05","modified_gmt":"2023-06-08T09:31:05","slug":"demande-de-documentation","status":"publish","type":"page","link":"https:\/\/www.enscm.fr\/fr\/demande-de-documentation\/","title":{"rendered":"Demande de documentation"},"content":{"rendered":"<div class=\"frm_forms  with_frm_style frm_style_formidable-style\" id=\"frm_form_9_container\" >\n<form enctype=\"multipart\/form-data\" method=\"post\" class=\"frm-show-form  frm_pro_form \" id=\"form_documents_download_fr\" >\n<div class=\"frm_form_fields \">\n<fieldset>\n<legend class=\"frm_hidden\">Demande de documentation<\/legend>\r\n\r\n<div class=\"frm_fields_container\">\n<input type=\"hidden\" name=\"frm_action\" value=\"create\" \/>\n<input type=\"hidden\" name=\"form_id\" value=\"9\" \/>\n<input type=\"hidden\" name=\"frm_hide_fields_9\" id=\"frm_hide_fields_9\" value=\"\" \/>\n<input type=\"hidden\" name=\"form_key\" value=\"documents_download_fr\" \/>\n<input type=\"hidden\" name=\"item_meta[0]\" value=\"\" \/>\n<input type=\"hidden\" id=\"frm_submit_entry_9\" name=\"frm_submit_entry_9\" value=\"a0f86b7a5c\" \/><input type=\"hidden\" name=\"_wp_http_referer\" value=\"\/fr\/wp-json\/wp\/v2\/pages\/331\" \/><div id=\"frm_field_101_container\" class=\"frm_form_field  frm_first frm_full frm_html_container form-field\">\n<div class=\"step margin-bottom\"><span class=\"step--number\">\u00c9tape 01.<\/span><\/p>\n<h3 class=\"step--title h3\">Choix de la documentation<\/h3>\n<\/div>\n<\/div>\n<div id=\"frm_field_87_container\" class=\"frm_form_field form-field  frm_required_field frm_top_container frm_four_col vertical_radio\">\r\n    <label class=\"frm_primary_label\">Choisissez le ou les documents qui vous int\u00e9ressent\r\n        <span class=\"frm_required\">*<\/span>\r\n    <\/label>\r\n    <div class=\"frm_opt_container\">\t\t<div class=\"frm_checkbox\" id=\"frm_checkbox_87-3602\">\t\t\t<label  for=\"field_documents_list-3602\">\n\t\t\t<input type=\"checkbox\" name=\"item_meta[87][]\" id=\"field_documents_list-3602\" value=\"3602\"  data-reqmsg=\"Choisissez le ou les documents qui vous int\u00e9ressent cannot be blank.\" data-invmsg=\"Choisissez le ou les documents qui vous int\u00e9ressent est non valide\" aria-invalid=\"false\"   aria-required=\"true\"  \/> Livret des Options<\/label><\/div>\n\t\t<div class=\"frm_checkbox\" id=\"frm_checkbox_87-3600\">\t\t\t<label  for=\"field_documents_list-3600\">\n\t\t\t<input type=\"checkbox\" name=\"item_meta[87][]\" id=\"field_documents_list-3600\" value=\"3600\"  data-reqmsg=\"Choisissez le ou les documents qui vous int\u00e9ressent cannot be blank.\" data-invmsg=\"Choisissez le ou les documents qui vous int\u00e9ressent est non valide\" aria-invalid=\"false\"   \/> Plaquette Alpha<\/label><\/div>\n\t\t<div class=\"frm_checkbox\" id=\"frm_checkbox_87-4021\">\t\t\t<label  for=\"field_documents_list-4021\">\n\t\t\t<input type=\"checkbox\" name=\"item_meta[87][]\" id=\"field_documents_list-4021\" value=\"4021\"  data-reqmsg=\"Choisissez le ou les documents qui vous int\u00e9ressent cannot be blank.\" data-invmsg=\"Choisissez le ou les documents qui vous int\u00e9ressent est non valide\" aria-invalid=\"false\"   \/> Plaquette de pr\u00e9sentation de l\u2019ENSCM<\/label><\/div>\n<\/div>\r\n    \r\n    \r\n<\/div>\n<div id=\"frm_field_88_container\" class=\"frm_form_field form-field  frm_required_field frm_top_container frm_three_col vertical_radio\">\r\n    <label class=\"frm_primary_label\">Comment souhaitez-vous recevoir la documentation ?\r\n        <span class=\"frm_required\">*<\/span>\r\n    <\/label>\r\n    <div class=\"frm_opt_container\">\t\t<div class=\"frm_radio\" id=\"frm_radio_88-0\">\t\t\t<label  for=\"field_xp8go-0\">\n\t\t\t\t\t<input type=\"radio\" name=\"item_meta[88]\" id=\"field_xp8go-0\" value=\"dl\"\n\t\t   data-reqmsg=\"Ce champ est obligatoire.\" data-invmsg=\"Comment souhaitez-vous recevoir la documentation ? est non valide\" aria-invalid=\"false\"  \/> T\u00e9l\u00e9chargement imm\u00e9diat<\/label><\/div>\n\t\t<div class=\"frm_radio\" id=\"frm_radio_88-1\">\t\t\t<label  for=\"field_xp8go-1\">\n\t\t\t\t\t<input type=\"radio\" name=\"item_meta[88]\" id=\"field_xp8go-1\" value=\"letter\"\n\t\t   data-reqmsg=\"Ce champ est obligatoire.\" data-invmsg=\"Comment souhaitez-vous recevoir la documentation ? est non valide\" aria-invalid=\"false\"  \/> Par courrier<\/label><\/div>\n<\/div>\r\n    \r\n    \r\n<\/div>\n<div id=\"frm_field_103_container\" class=\"frm_form_field  frm_first frm_full frm_html_container form-field\">\n<div class=\"step margin-top\"><span class=\"step--number\">\u00c9tape 02.<\/span><\/p>\n<h3 class=\"step--title h3\">Vos informations<\/h3>\n<\/div>\n<\/div>\n<div id=\"frm_field_104_container\" class=\"frm_form_field form-field  frm_required_field frm_top_container frm_first frm_full frm_four_col vertical_radio\">\r\n    <label class=\"frm_primary_label\">Civilit\u00e9\r\n        <span class=\"frm_required\">*<\/span>\r\n    <\/label>\r\n    <div class=\"frm_opt_container\">\t\t<div class=\"frm_radio\" id=\"frm_radio_104-0\">\t\t\t<label  for=\"field_lex0h-0\">\n\t\t\t\t\t<input type=\"radio\" name=\"item_meta[104]\" id=\"field_lex0h-0\" value=\"Madame\"\n\t\tchecked=\"checked\"   data-frmval=\"Madame\" data-reqmsg=\"Le champs est vide\" data-invmsg=\"Civilit\u00e9 est non valide\" aria-invalid=\"false\"  \/> Madame<\/label><\/div>\n\t\t<div class=\"frm_radio\" id=\"frm_radio_104-1\">\t\t\t<label  for=\"field_lex0h-1\">\n\t\t\t\t\t<input type=\"radio\" name=\"item_meta[104]\" id=\"field_lex0h-1\" value=\"Monsieur\"\n\t\t   data-frmval=\"Madame\" data-reqmsg=\"Le champs est vide\" data-invmsg=\"Civilit\u00e9 est non valide\" aria-invalid=\"false\"  \/> Monsieur<\/label><\/div>\n<\/div>\r\n    \r\n    \r\n<\/div>\n<div id=\"frm_field_107_container\" class=\"frm_form_field form-field  frm_required_field frm_top_container frm_first frm_half\">\r\n    <label for=\"field_1j7kb\" class=\"frm_primary_label\">Votre pr\u00e9nom\r\n        <span class=\"frm_required\">*<\/span>\r\n    <\/label>\r\n    <input type=\"text\" id=\"field_1j7kb\" name=\"item_meta[107]\" value=\"\"  data-reqmsg=\"Le champs est vide\" aria-required=\"true\" data-invmsg=\"Votre pr\u00e9nom est non valide\" aria-invalid=\"false\"  \/>\r\n    \r\n    \r\n<\/div>\n<div id=\"frm_field_105_container\" class=\"frm_form_field form-field  frm_required_field frm_top_container frm_half\">\r\n    <label for=\"field_4ldcd\" class=\"frm_primary_label\">Votre nom\r\n        <span class=\"frm_required\">*<\/span>\r\n    <\/label>\r\n    <input type=\"text\" id=\"field_4ldcd\" name=\"item_meta[105]\" value=\"\"  data-reqmsg=\"Le champs est vide\" aria-required=\"true\" data-invmsg=\"Votre nom est non valide\" aria-invalid=\"false\"  \/>\r\n    \r\n    \r\n<\/div>\n<div id=\"frm_field_109_container\" class=\"frm_form_field form-field  frm_required_field frm_top_container frm_first frm_half\">\r\n    <label for=\"field_5xotw\" class=\"frm_primary_label\">Votre adresse email\r\n        <span class=\"frm_required\">*<\/span>\r\n    <\/label>\r\n    <input type=\"email\" id=\"field_5xotw\" name=\"item_meta[109]\" value=\"\"  data-reqmsg=\"Le champs est vide\" aria-required=\"true\" data-invmsg=\"Votre adresse email est invalide.\" aria-invalid=\"false\"  \/>\r\n    \r\n    \r\n<\/div>\n<div id=\"frm_field_116_container\" class=\"frm_form_field form-field  frm_top_container frm_half\">\r\n    <label for=\"field_wua76\" class=\"frm_primary_label\">Num\u00e9ro de t\u00e9l\u00e9phone\r\n        <span class=\"frm_required\"><\/span>\r\n    <\/label>\r\n    <input type=\"text\" id=\"field_wua76\" name=\"item_meta[116]\" value=\"\"  data-invmsg=\"Num\u00e9ro de t\u00e9l\u00e9phone est non valide\" aria-invalid=\"false\"  \/>\r\n    \r\n    \r\n<\/div>\n<div id=\"frm_field_110_container\" class=\"frm_form_field form-field  frm_required_field frm_top_container frm_first frm_full frm_three_col vertical_radio\">\r\n    <label class=\"frm_primary_label\">Vous \u00eates\r\n        <span class=\"frm_required\">*<\/span>\r\n    <\/label>\r\n    <div class=\"frm_opt_container\">\t\t<div class=\"frm_radio\" id=\"frm_radio_110-0\">\t\t\t<label  for=\"field_p1sey-0\">\n\t\t\t\t\t<input type=\"radio\" name=\"item_meta[110]\" id=\"field_p1sey-0\" value=\"Un \u00e9tudiant\"\n\t\tchecked=\"checked\"   data-frmval=\"Un \u00e9tudiant\" data-reqmsg=\"Le champs est vide\" data-invmsg=\"Vous \u00eates est non valide\" aria-invalid=\"false\"  \/> Un \u00e9tudiant<\/label><\/div>\n\t\t<div class=\"frm_radio\" id=\"frm_radio_110-1\">\t\t\t<label  for=\"field_p1sey-1\">\n\t\t\t\t\t<input type=\"radio\" name=\"item_meta[110]\" id=\"field_p1sey-1\" value=\"Une entreprise\"\n\t\t   data-frmval=\"Un \u00e9tudiant\" data-reqmsg=\"Le champs est vide\" data-invmsg=\"Vous \u00eates est non valide\" aria-invalid=\"false\"  \/> Une entreprise<\/label><\/div>\n\t\t<div class=\"frm_radio\" id=\"frm_radio_110-2\">\t\t\t<label  for=\"field_p1sey-2\">\n\t\t\t\t\t<input type=\"radio\" name=\"item_meta[110]\" id=\"field_p1sey-2\" value=\"Autre\"\n\t\t   data-frmval=\"Un \u00e9tudiant\" data-reqmsg=\"Le champs est vide\" data-invmsg=\"Vous \u00eates est non valide\" aria-invalid=\"false\"  \/> Autre<\/label><\/div>\n<\/div>\r\n    \r\n    \r\n<\/div>\n<div id=\"frm_field_112_container\" class=\"frm_form_field form-field  frm_top_container frm_first frm_full\">\r\n    <label for=\"field_gj22g\" class=\"frm_primary_label\">\u00c9tablissement actuel\r\n        <span class=\"frm_required\"><\/span>\r\n    <\/label>\r\n    <input type=\"text\" id=\"field_gj22g\" name=\"item_meta[112]\" value=\"\"  data-invmsg=\"\u00c9tablissement actuel est non valide\" aria-invalid=\"false\"  \/>\r\n    \r\n    \r\n<\/div>\n<div id=\"frm_field_113_container\" class=\"frm_form_field form-field  frm_required_field frm_top_container frm_first frm_full\">\r\n    <label for=\"field_9yt93\" class=\"frm_primary_label\">Nom de votre entreprise\r\n        <span class=\"frm_required\">*<\/span>\r\n    <\/label>\r\n    <input type=\"text\" id=\"field_9yt93\" name=\"item_meta[113]\" value=\"\"  data-reqmsg=\"Le champs est vide\" aria-required=\"true\" data-invmsg=\"Nom de votre entreprise est non valide\" aria-invalid=\"false\"  \/>\r\n    \r\n    \r\n<\/div>\n<div id=\"frm_field_114_container\" class=\"frm_form_field form-field  frm_required_field frm_top_container frm_first frm_full\">\r\n    <label for=\"field_ztxy\" class=\"frm_primary_label\">Votre fonction au sein de l'entreprise\r\n        <span class=\"frm_required\">*<\/span>\r\n    <\/label>\r\n    <input type=\"text\" id=\"field_ztxy\" name=\"item_meta[114]\" value=\"\"  data-reqmsg=\"Le champs est vide\" aria-required=\"true\" data-invmsg=\"Votre fonction au sein de l&#039;entreprise est non valide\" aria-invalid=\"false\"  \/>\r\n    \r\n    \r\n<\/div>\n<div id=\"frm_field_115_container\" class=\"frm_form_field form-field  frm_required_field frm_top_container frm_first frm_full\">\r\n    <label for=\"field_59lix\" class=\"frm_primary_label\">Pr\u00e9cisez\r\n        <span class=\"frm_required\">*<\/span>\r\n    <\/label>\r\n    <input type=\"text\" id=\"field_59lix\" name=\"item_meta[115]\" value=\"\"  data-reqmsg=\"Le champs est vide\" aria-required=\"true\" data-invmsg=\"Pr\u00e9cisez est non valide\" aria-invalid=\"false\"  \/>\r\n    \r\n    \r\n<\/div>\n<div id=\"frm_field_89_container\" class=\"frm_form_field  frm_first frm_full frm_html_container form-field\">\n<div class=\"step margin-top\"><span class=\"step--number\">\u00c9tape 03.<\/span><\/p>\n<h3 class=\"step--title h3\">Coordonn\u00e9es postales (pour envoi par courrier)<\/h3>\n<\/div>\n<\/div>\n<div id=\"frm_field_93_container\" class=\"form-select frm_form_field form-field  frm_required_field frm_top_container frm_first frm_full\">\r\n    <label for=\"field_yuql7\" class=\"frm_primary_label\">Pays\r\n        <span class=\"frm_required\">*<\/span>\r\n    <\/label>\r\n    \t\t<select name=\"item_meta[93]\" id=\"field_yuql7\"  data-frmval=\"France\" data-reqmsg=\"Le champs est vide.\" aria-required=\"true\" data-invmsg=\"Pays est non valide\" aria-invalid=\"false\"  >\n\t\t<option  value=\"Afghanistan\">Afghanistan<\/option><option  value=\"Albania\">Albania<\/option><option  value=\"Algeria\">Algeria<\/option><option  value=\"American Samoa\">American Samoa<\/option><option  value=\"Andorra\">Andorra<\/option><option  value=\"Angola\">Angola<\/option><option  value=\"Anguilla\">Anguilla<\/option><option  value=\"Antarctica\">Antarctica<\/option><option  value=\"Antigua and Barbuda\">Antigua and Barbuda<\/option><option  value=\"Argentina\">Argentina<\/option><option  value=\"Armenia\">Armenia<\/option><option  value=\"Aruba\">Aruba<\/option><option  value=\"Australia\">Australia<\/option><option  value=\"Austria\">Austria<\/option><option  value=\"Azerbaijan\">Azerbaijan<\/option><option  value=\"Bahamas\">Bahamas<\/option><option  value=\"Bahrain\">Bahrain<\/option><option  value=\"Bangladesh\">Bangladesh<\/option><option  value=\"Barbados\">Barbados<\/option><option  value=\"Belarus\">Belarus<\/option><option  value=\"Belgium\">Belgium<\/option><option  value=\"Belize\">Belize<\/option><option  value=\"Benin\">Benin<\/option><option  value=\"Bermuda\">Bermuda<\/option><option  value=\"Bhutan\">Bhutan<\/option><option  value=\"Bolivia\">Bolivia<\/option><option  value=\"Bosnia and Herzegovina\">Bosnia and Herzegovina<\/option><option  value=\"Botswana\">Botswana<\/option><option  value=\"Brazil\">Brazil<\/option><option  value=\"Brunei\">Brunei<\/option><option  value=\"Bulgaria\">Bulgaria<\/option><option  value=\"Burkina Faso\">Burkina Faso<\/option><option  value=\"Burundi\">Burundi<\/option><option  value=\"Cambodia\">Cambodia<\/option><option  value=\"Cameroon\">Cameroon<\/option><option  value=\"Canada\">Canada<\/option><option  value=\"Cape Verde\">Cape Verde<\/option><option  value=\"Cayman Islands\">Cayman Islands<\/option><option  value=\"Central African Republic\">Central African Republic<\/option><option  value=\"Chad\">Chad<\/option><option  value=\"Chile\">Chile<\/option><option  value=\"China\">China<\/option><option  value=\"Colombia\">Colombia<\/option><option  value=\"Comoros\">Comoros<\/option><option  value=\"Congo\">Congo<\/option><option  value=\"Costa Rica\">Costa Rica<\/option><option  value=\"C\u00f4te d\u2018Ivoire\">C\u00f4te d\u2018Ivoire<\/option><option  value=\"Croatia\">Croatia<\/option><option  value=\"Cuba\">Cuba<\/option><option  value=\"Cyprus\">Cyprus<\/option><option  value=\"Czech Republic\">Czech Republic<\/option><option  value=\"Denmark\">Denmark<\/option><option  value=\"Djibouti\">Djibouti<\/option><option  value=\"Dominica\">Dominica<\/option><option  value=\"Dominican Republic\">Dominican Republic<\/option><option  value=\"East Timor\">East Timor<\/option><option  value=\"Ecuador\">Ecuador<\/option><option  value=\"Egypt\">Egypt<\/option><option  value=\"El Salvador\">El Salvador<\/option><option  value=\"Equatorial Guinea\">Equatorial Guinea<\/option><option  value=\"Eritrea\">Eritrea<\/option><option  value=\"Estonia\">Estonia<\/option><option  value=\"Ethiopia\">Ethiopia<\/option><option  value=\"Fiji\">Fiji<\/option><option  value=\"Finland\">Finland<\/option><option  value=\"France\" selected='selected'>France<\/option><option  value=\"French Guiana\">French Guiana<\/option><option  value=\"French Polynesia\">French Polynesia<\/option><option  value=\"Gabon\">Gabon<\/option><option  value=\"Gambia\">Gambia<\/option><option  value=\"Georgia\">Georgia<\/option><option  value=\"Germany\">Germany<\/option><option  value=\"Ghana\">Ghana<\/option><option  value=\"Gibraltar\">Gibraltar<\/option><option  value=\"Greece\">Greece<\/option><option  value=\"Greenland\">Greenland<\/option><option  value=\"Grenada\">Grenada<\/option><option  value=\"Guam\">Guam<\/option><option  value=\"Guatemala\">Guatemala<\/option><option  value=\"Guinea\">Guinea<\/option><option  value=\"Guinea-Bissau\">Guinea-Bissau<\/option><option  value=\"Guyana\">Guyana<\/option><option  value=\"Haiti\">Haiti<\/option><option  value=\"Honduras\">Honduras<\/option><option  value=\"Hong Kong\">Hong Kong<\/option><option  value=\"Hungary\">Hungary<\/option><option  value=\"Iceland\">Iceland<\/option><option  value=\"India\">India<\/option><option  value=\"Indonesia\">Indonesia<\/option><option  value=\"Iran\">Iran<\/option><option  value=\"Iraq\">Iraq<\/option><option  value=\"Ireland\">Ireland<\/option><option  value=\"Israel\">Israel<\/option><option  value=\"Italy\">Italy<\/option><option  value=\"Jamaica\">Jamaica<\/option><option  value=\"Japan\">Japan<\/option><option  value=\"Jordan\">Jordan<\/option><option  value=\"Kazakhstan\">Kazakhstan<\/option><option  value=\"Kenya\">Kenya<\/option><option  value=\"Kiribati\">Kiribati<\/option><option  value=\"North Korea\">North Korea<\/option><option  value=\"South Korea\">South Korea<\/option><option  value=\"Kuwait\">Kuwait<\/option><option  value=\"Kyrgyzstan\">Kyrgyzstan<\/option><option  value=\"Laos\">Laos<\/option><option  value=\"Latvia\">Latvia<\/option><option  value=\"Lebanon\">Lebanon<\/option><option  value=\"Lesotho\">Lesotho<\/option><option  value=\"Liberia\">Liberia<\/option><option  value=\"Libya\">Libya<\/option><option  value=\"Liechtenstein\">Liechtenstein<\/option><option  value=\"Lithuania\">Lithuania<\/option><option  value=\"Luxembourg\">Luxembourg<\/option><option  value=\"Macedonia\">Macedonia<\/option><option  value=\"Madagascar\">Madagascar<\/option><option  value=\"Malawi\">Malawi<\/option><option  value=\"Malaysia\">Malaysia<\/option><option  value=\"Maldives\">Maldives<\/option><option  value=\"Mali\">Mali<\/option><option  value=\"Malta\">Malta<\/option><option  value=\"Marshall Islands\">Marshall Islands<\/option><option  value=\"Mauritania\">Mauritania<\/option><option  value=\"Mauritius\">Mauritius<\/option><option  value=\"Mexico\">Mexico<\/option><option  value=\"Micronesia\">Micronesia<\/option><option  value=\"Moldova\">Moldova<\/option><option  value=\"Monaco\">Monaco<\/option><option  value=\"Mongolia\">Mongolia<\/option><option  value=\"Montenegro\">Montenegro<\/option><option  value=\"Montserrat\">Montserrat<\/option><option  value=\"Morocco\">Morocco<\/option><option  value=\"Mozambique\">Mozambique<\/option><option  value=\"Myanmar\">Myanmar<\/option><option  value=\"Namibia\">Namibia<\/option><option  value=\"Nauru\">Nauru<\/option><option  value=\"Nepal\">Nepal<\/option><option  value=\"Netherlands\">Netherlands<\/option><option  value=\"New Zealand\">New Zealand<\/option><option  value=\"Nicaragua\">Nicaragua<\/option><option  value=\"Niger\">Niger<\/option><option  value=\"Nigeria\">Nigeria<\/option><option  value=\"Norway\">Norway<\/option><option  value=\"Northern Mariana Islands\">Northern Mariana Islands<\/option><option  value=\"Oman\">Oman<\/option><option  value=\"Pakistan\">Pakistan<\/option><option  value=\"Palau\">Palau<\/option><option  value=\"Palestine\">Palestine<\/option><option  value=\"Panama\">Panama<\/option><option  value=\"Papua New Guinea\">Papua New Guinea<\/option><option  value=\"Paraguay\">Paraguay<\/option><option  value=\"Peru\">Peru<\/option><option  value=\"Philippines\">Philippines<\/option><option  value=\"Poland\">Poland<\/option><option  value=\"Portugal\">Portugal<\/option><option  value=\"Puerto Rico\">Puerto Rico<\/option><option  value=\"Qatar\">Qatar<\/option><option  value=\"Romania\">Romania<\/option><option  value=\"Russia\">Russia<\/option><option  value=\"Rwanda\">Rwanda<\/option><option  value=\"Saint Kitts and Nevis\">Saint Kitts and Nevis<\/option><option  value=\"Saint Lucia\">Saint Lucia<\/option><option  value=\"Saint Vincent and the Grenadines\">Saint Vincent and the Grenadines<\/option><option  value=\"Samoa\">Samoa<\/option><option  value=\"San Marino\">San Marino<\/option><option  value=\"Sao Tome and Principe\">Sao Tome and Principe<\/option><option  value=\"Saudi Arabia\">Saudi Arabia<\/option><option  value=\"Senegal\">Senegal<\/option><option  value=\"Serbia and Montenegro\">Serbia and Montenegro<\/option><option  value=\"Seychelles\">Seychelles<\/option><option  value=\"Sierra Leone\">Sierra Leone<\/option><option  value=\"Singapore\">Singapore<\/option><option  value=\"Slovakia\">Slovakia<\/option><option  value=\"Slovenia\">Slovenia<\/option><option  value=\"Solomon Islands\">Solomon Islands<\/option><option  value=\"Somalia\">Somalia<\/option><option  value=\"South Africa\">South Africa<\/option><option  value=\"South Sudan\">South Sudan<\/option><option  value=\"Spain\">Spain<\/option><option  value=\"Sri Lanka\">Sri Lanka<\/option><option  value=\"Sudan\">Sudan<\/option><option  value=\"Suriname\">Suriname<\/option><option  value=\"Swaziland\">Swaziland<\/option><option  value=\"Sweden\">Sweden<\/option><option  value=\"Switzerland\">Switzerland<\/option><option  value=\"Syria\">Syria<\/option><option  value=\"Taiwan\">Taiwan<\/option><option  value=\"Tajikistan\">Tajikistan<\/option><option  value=\"Tanzania\">Tanzania<\/option><option  value=\"Thailand\">Thailand<\/option><option  value=\"Togo\">Togo<\/option><option  value=\"Tonga\">Tonga<\/option><option  value=\"Trinidad and Tobago\">Trinidad and Tobago<\/option><option  value=\"Tunisia\">Tunisia<\/option><option  value=\"Turkey\">Turkey<\/option><option  value=\"Turkmenistan\">Turkmenistan<\/option><option  value=\"Tuvalu\">Tuvalu<\/option><option  value=\"Uganda\">Uganda<\/option><option  value=\"Ukraine\">Ukraine<\/option><option  value=\"United Arab Emirates\">United Arab Emirates<\/option><option  value=\"United Kingdom\">United Kingdom<\/option><option  value=\"United States\">United States<\/option><option  value=\"Uruguay\">Uruguay<\/option><option  value=\"Uzbekistan\">Uzbekistan<\/option><option  value=\"Vanuatu\">Vanuatu<\/option><option  value=\"Vatican City\">Vatican City<\/option><option  value=\"Venezuela\">Venezuela<\/option><option  value=\"Vietnam\">Vietnam<\/option><option  value=\"Virgin Islands, British\">Virgin Islands, British<\/option><option  value=\"Virgin Islands, U.S.\">Virgin Islands, U.S.<\/option><option  value=\"Yemen\">Yemen<\/option><option  value=\"Zambia\">Zambia<\/option><option  value=\"Zimbabwe\">Zimbabwe<\/option>\t<\/select>\n\t\r\n    \r\n    \r\n<\/div>\n<div id=\"frm_field_94_container\" class=\"frm_form_field form-field  frm_required_field frm_top_container frm_first frm_full\">\r\n    <label for=\"field_1w1ab\" class=\"frm_primary_label\">Adresse postale\r\n        <span class=\"frm_required\">*<\/span>\r\n    <\/label>\r\n    <textarea name=\"item_meta[94]\" id=\"field_1w1ab\" rows=\"5\"  data-reqmsg=\"Le champs est vide\" aria-required=\"true\" data-invmsg=\"Adresse postale est non valide\" aria-invalid=\"false\"  ><\/textarea>\r\n    \r\n    \r\n<\/div>\n<div id=\"frm_field_95_container\" class=\"frm_form_field form-field  frm_required_field frm_top_container frm_first frm_half\">\r\n    <label for=\"field_lm3sa\" class=\"frm_primary_label\">Code postal\r\n        <span class=\"frm_required\">*<\/span>\r\n    <\/label>\r\n    <input type=\"text\" id=\"field_lm3sa\" name=\"item_meta[95]\" value=\"\"  data-reqmsg=\"Le champs est vide\" aria-required=\"true\" data-invmsg=\"Code postal est non valide\" aria-invalid=\"false\"  \/>\r\n    \r\n    \r\n<\/div>\n<div id=\"frm_field_96_container\" class=\"frm_form_field form-field  frm_required_field frm_top_container frm_half\">\r\n    <label for=\"field_3ojlx\" class=\"frm_primary_label\">Ville\r\n        <span class=\"frm_required\">*<\/span>\r\n    <\/label>\r\n    <input type=\"text\" id=\"field_3ojlx\" name=\"item_meta[96]\" value=\"\"  data-reqmsg=\"Le champs est vide\" aria-required=\"true\" data-invmsg=\"Ville est non valide\" aria-invalid=\"false\"  \/>\r\n    \r\n    \r\n<\/div>\n<div id=\"frm_field_99_container\" class=\"frm_form_field  frm_first frm_full frm_html_container form-field\">\n<p>Les informations recueillies sur ce formulaire sont enregistr\u00e9es dans un fichier informatis\u00e9 par l'ENSCM pour envoi d'une newsletter. Elles sont conserv\u00e9es pendant 10 ans et sont destin\u00e9es au service communication de l'ENSCM. Conform\u00e9ment \u00e0 la loi \"informatique et libert\u00e9s\", vous pouvez exercer votre droit d'acc\u00e8 aux donn\u00e9s et les faire rectifier en contactant : ENSCM, <a href=\"mailto:communication@enscm.fr\">communication@enscm.fr<\/a><\/p>\n<\/div>\n<div id=\"frm_field_100_container\" class=\"frm_form_field form-field  frm_none_container frm_first frm_full\">\r\n    <label for=\"g-recaptcha-response\" class=\"frm_primary_label\">reCAPTCHA\r\n        <span class=\"frm_required\"><\/span>\r\n    <\/label>\r\n    <div  id=\"field_qvez\" class=\"g-recaptcha\" data-sitekey=\"6LcslTcUAAAAAKcEg9sRb_yniEMZpohUXwh6LS5p\" data-size=\"normal\" data-theme=\"light\"><\/div>\r\n    \r\n    \r\n<\/div>\n<div id=\"frm_field_667_container\" class=\"frm_form_field form-field \">\r\n\t<div class=\"frm_submit\">\r\n\r\n<button class=\"btn frm_button_submit frm_final_submit\" type=\"submit\"  formnovalidate=\"formnovalidate\">Obtenir la documentation<\/button>\r\n\r\n<\/div>\r\n<\/div>\n\t<input type=\"hidden\" name=\"item_key\" value=\"\" \/>\n\t\t\t\t<div class=\"frm__65a8fa22c14ca\">\n\t\t\t\t<label for=\"frm_email_9\" >\n\t\t\t\t\tSi vous \u00eates un humain, ne remplissez pas ce champ.\t\t\t\t<\/label>\n\t\t\t\t<input  id=\"frm_email_9\" type=\"text\" class=\"frm_verify\" name=\"frm__65a8fa22c14ca\" value=\"\" autocomplete=\"off\"  \/>\n\t\t\t<\/div>\n\t\t<input name=\"frm_state\" type=\"hidden\" value=\"Zbd0OOAF3FkB5co7vhfkdkXV7jyFgbeLDtxfnqcR\/dM=\" \/><\/div>\n<\/fieldset>\n<\/div>\n<\/form>\n<\/div>\n\n","protected":false},"excerpt":{"rendered":"<p>Vous souhaitez recevoir une de nos plaquettes, au format \u00e9lectronique ou au format papier&nbsp;? N\u2019h\u00e9sitez pas \u00e0 remplir la demande ci-dessous.<\/p>\n","protected":false},"author":4,"featured_media":8503,"parent":0,"menu_order":0,"comment_status":"closed","ping_status":"closed","template":"page.docu.php","meta":{"_acf_changed":false,"footnotes":""},"class_list":["post-331","page","type-page","status-publish","has-post-thumbnail","hentry"],"acf":[],"_links":{"self":[{"href":"https:\/\/www.enscm.fr\/fr\/wp-json\/wp\/v2\/pages\/331"}],"collection":[{"href":"https:\/\/www.enscm.fr\/fr\/wp-json\/wp\/v2\/pages"}],"about":[{"href":"https:\/\/www.enscm.fr\/fr\/wp-json\/wp\/v2\/types\/page"}],"author":[{"embeddable":true,"href":"https:\/\/www.enscm.fr\/fr\/wp-json\/wp\/v2\/users\/4"}],"replies":[{"embeddable":true,"href":"https:\/\/www.enscm.fr\/fr\/wp-json\/wp\/v2\/comments?post=331"}],"version-history":[{"count":1,"href":"https:\/\/www.enscm.fr\/fr\/wp-json\/wp\/v2\/pages\/331\/revisions"}],"predecessor-version":[{"id":8505,"href":"https:\/\/www.enscm.fr\/fr\/wp-json\/wp\/v2\/pages\/331\/revisions\/8505"}],"wp:featuredmedia":[{"embeddable":true,"href":"https:\/\/www.enscm.fr\/fr\/wp-json\/wp\/v2\/media\/8503"}],"wp:attachment":[{"href":"https:\/\/www.enscm.fr\/fr\/wp-json\/wp\/v2\/media?parent=331"}],"curies":[{"name":"wp","href":"https:\/\/api.w.org\/{rel}","templated":true}]}}