{"id":2013,"date":"2018-03-02T16:15:25","date_gmt":"2018-03-02T15:15:25","guid":{"rendered":"https:\/\/www.enscm.fr\/?page_id=2013\/"},"modified":"2025-10-15T16:01:39","modified_gmt":"2025-10-15T14:01:39","slug":"venir-etudier-a-lenscm","status":"publish","type":"page","link":"https:\/\/www.enscm.fr\/fr\/international\/venir-etudier-a-lenscm\/","title":{"rendered":"Venir \u00e9tudier \u00e0 l&rsquo;ENSCM"},"content":{"rendered":"","protected":false},"excerpt":{"rendered":"<p>Pour pouvoir s\u2019inscrire dans une universit\u00e9 ou une \u00e9cole en France, les d\u00e9marches d\u00e9pendent de votre nationalit\u00e9, de votre pays de r\u00e9sidence et du dipl\u00f4me obtenu dans votre pays.<\/p>\n","protected":false},"author":7,"featured_media":2602,"parent":2747,"menu_order":0,"comment_status":"closed","ping_status":"closed","template":"","meta":{"_acf_changed":false,"footnotes":""},"class_list":["post-2013","page","type-page","status-publish","has-post-thumbnail","hentry"],"acf":[],"_links":{"self":[{"href":"https:\/\/www.enscm.fr\/fr\/wp-json\/wp\/v2\/pages\/2013"}],"collection":[{"href":"https:\/\/www.enscm.fr\/fr\/wp-json\/wp\/v2\/pages"}],"about":[{"href":"https:\/\/www.enscm.fr\/fr\/wp-json\/wp\/v2\/types\/page"}],"author":[{"embeddable":true,"href":"https:\/\/www.enscm.fr\/fr\/wp-json\/wp\/v2\/users\/7"}],"replies":[{"embeddable":true,"href":"https:\/\/www.enscm.fr\/fr\/wp-json\/wp\/v2\/comments?post=2013"}],"version-history":[{"count":17,"href":"https:\/\/www.enscm.fr\/fr\/wp-json\/wp\/v2\/pages\/2013\/revisions"}],"predecessor-version":[{"id":11433,"href":"https:\/\/www.enscm.fr\/fr\/wp-json\/wp\/v2\/pages\/2013\/revisions\/11433"}],"up":[{"embeddable":true,"href":"https:\/\/www.enscm.fr\/fr\/wp-json\/wp\/v2\/pages\/2747"}],"wp:featuredmedia":[{"embeddable":true,"href":"https:\/\/www.enscm.fr\/fr\/wp-json\/wp\/v2\/media\/2602"}],"wp:attachment":[{"href":"https:\/\/www.enscm.fr\/fr\/wp-json\/wp\/v2\/media?parent=2013"}],"curies":[{"name":"wp","href":"https:\/\/api.w.org\/{rel}","templated":true}]}}